{"id":38,"date":"2025-10-27T14:47:06","date_gmt":"2025-10-27T14:47:06","guid":{"rendered":"http:\/\/bls-izolacija.si\/?page_id=38"},"modified":"2025-11-03T13:04:14","modified_gmt":"2025-11-03T13:04:14","slug":"home","status":"publish","type":"page","link":"https:\/\/bls-izolacija.si\/","title":{"rendered":"Home"},"content":{"rendered":"\n\n\n<h2 style=\"text-decoration-style: initial;\">Vizija podjetja<\/h2>\n\n<p><span style=\"text-decoration-style: initial;\">Na\u0161a vizija je graditi zanesljive, kakovostne in trajnostne objekte, ki presegajo pri\u010dakovanja naro\u010dnikov ter prispevajo k lep\u0161i in varnej\u0161i prihodnosti.<\/span><\/p>\n\n\n\n\n\n\n\n\n\n\n<h2>Projekti, ki jih izvajamo<\/h2>\n\n\n\n\n\n\n\n\n\n\n\n\n\n\n\n\n<h2>Na\u0161e storitve<\/h2>\n\n\n\n<p><br><\/p>\n\n\n<p><br><\/p>\n\n\n<p><br><\/p>\n\n\n\n\n\n\n<h2>Zakaj izbrati nas?<\/h2>\n\n<p><span style=\"text-decoration-style: initial;\">Ker verjamemo, da kakovost ni naklju\u010dje. Na\u0161e izku\u0161nje, natan\u010dnost in odgovoren pristop zagotavljajo, da je vsak projekt izveden brez kompromisov \u2013 od prvega na\u010drta do zadnje podrobnosti.<\/span><\/p>\n\n\n\n\n\n\n\n\n","protected":false},"excerpt":{"rendered":"","protected":false},"author":1,"featured_media":0,"parent":0,"menu_order":0,"comment_status":"closed","ping_status":"closed","template":"","meta":{"pagelayer_contact_templates":[],"_pagelayer_content":"","footnotes":""},"class_list":["post-38","page","type-page","status-publish","hentry"],"_links":{"self":[{"href":"https:\/\/bls-izolacija.si\/index.php?rest_route=\/wp\/v2\/pages\/38","targetHints":{"allow":["GET"]}}],"collection":[{"href":"https:\/\/bls-izolacija.si\/index.php?rest_route=\/wp\/v2\/pages"}],"about":[{"href":"https:\/\/bls-izolacija.si\/index.php?rest_route=\/wp\/v2\/types\/page"}],"author":[{"embeddable":true,"href":"https:\/\/bls-izolacija.si\/index.php?rest_route=\/wp\/v2\/users\/1"}],"replies":[{"embeddable":true,"href":"https:\/\/bls-izolacija.si\/index.php?rest_route=%2Fwp%2Fv2%2Fcomments&post=38"}],"version-history":[{"count":4,"href":"https:\/\/bls-izolacija.si\/index.php?rest_route=\/wp\/v2\/pages\/38\/revisions"}],"predecessor-version":[{"id":61,"href":"https:\/\/bls-izolacija.si\/index.php?rest_route=\/wp\/v2\/pages\/38\/revisions\/61"}],"wp:attachment":[{"href":"https:\/\/bls-izolacija.si\/index.php?rest_route=%2Fwp%2Fv2%2Fmedia&parent=38"}],"curies":[{"name":"wp","href":"https:\/\/api.w.org\/{rel}","templated":true}]}}